{"id":27,"date":"2025-04-15T19:09:38","date_gmt":"2025-04-15T19:09:38","guid":{"rendered":"https:\/\/findyourlight.today\/front_page\/"},"modified":"2026-01-20T02:49:47","modified_gmt":"2026-01-20T02:49:47","slug":"psychoterapia-online-po-polsku-i-angielsku-find-your-light","status":"publish","type":"page","link":"https:\/\/findyourlight.today\/en\/","title":{"rendered":"Polish online psychotherapy"},"content":{"rendered":"","protected":false},"excerpt":{"rendered":"","protected":false},"author":1,"featured_media":0,"parent":0,"menu_order":0,"comment_status":"closed","ping_status":"closed","template":"","meta":{"saved_in_kubio":true,"footnotes":""},"class_list":["post-27","page","type-page","status-publish","hentry"],"kubio_ai_page_context":{"short_desc":"","purpose":"general"},"yoast_head":"<!-- This site is optimized with the Yoast SEO plugin v26.6 - https:\/\/yoast.com\/wordpress\/plugins\/seo\/ -->\n<title>Polski psychoterapeuta online w Vancouver<\/title>\n<meta name=\"description\" content=\"Oferuj\u0119 psychoterapi\u0119 online po polsku i angielsku dla Polonii w Kanadzie i klient\u00f3w na ca\u0142ym \u015bwiecie. Sesje indywidualne, dla par i rodzin \u2014 bezpieczna, uwa\u017cna przestrze\u0144 do zmiany.\" \/>\n<meta name=\"robots\" content=\"index, follow, max-snippet:-1, max-image-preview:large, max-video-preview:-1\" \/>\n<link rel=\"canonical\" href=\"https:\/\/findyourlight.today\/en\/\" \/>\n<meta property=\"og:locale\" content=\"en_US\" \/>\n<meta property=\"og:type\" content=\"article\" \/>\n<meta property=\"og:title\" content=\"Polski psychoterapeuta online w Vancouver\" \/>\n<meta property=\"og:description\" content=\"Oferuj\u0119 psychoterapi\u0119 online po polsku i angielsku dla Polonii w Kanadzie i klient\u00f3w na ca\u0142ym \u015bwiecie. Sesje indywidualne, dla par i rodzin \u2014 bezpieczna, uwa\u017cna przestrze\u0144 do zmiany.\" \/>\n<meta property=\"og:url\" content=\"https:\/\/findyourlight.today\/en\/\" \/>\n<meta property=\"og:site_name\" content=\"findyourlight.today\" \/>\n<meta property=\"article:modified_time\" content=\"2026-01-20T02:49:47+00:00\" \/>\n<meta name=\"twitter:card\" content=\"summary_large_image\" \/>\n<!-- \/ Yoast SEO plugin. -->","yoast_head_json":{"title":"Polish online psychotherapy","description":"Oferuj\u0119 psychoterapi\u0119 online po polsku i angielsku dla Polonii w Kanadzie i klient\u00f3w na ca\u0142ym \u015bwiecie. Sesje indywidualne, dla par i rodzin \u2014 bezpieczna, uwa\u017cna przestrze\u0144 do zmiany.","robots":{"index":"index","follow":"follow","max-snippet":"max-snippet:-1","max-image-preview":"max-image-preview:large","max-video-preview":"max-video-preview:-1"},"canonical":"https:\/\/findyourlight.today\/en\/","og_locale":"en_US","og_type":"article","og_title":"Polski psychoterapeuta online w Vancouver","og_description":"Oferuj\u0119 psychoterapi\u0119 online po polsku i angielsku dla Polonii w Kanadzie i klient\u00f3w na ca\u0142ym \u015bwiecie. Sesje indywidualne, dla par i rodzin \u2014 bezpieczna, uwa\u017cna przestrze\u0144 do zmiany.","og_url":"https:\/\/findyourlight.today\/en\/","og_site_name":"findyourlight.today","article_modified_time":"2026-01-20T02:49:47+00:00","twitter_card":"summary_large_image","schema":{"@context":"https:\/\/schema.org","@graph":[{"@type":"WebPage","@id":"https:\/\/findyourlight.today\/","url":"https:\/\/findyourlight.today\/","name":"Polish online psychotherapy","isPartOf":{"@id":"https:\/\/findyourlight.today\/#website"},"datePublished":"2025-04-15T19:09:38+00:00","dateModified":"2026-01-20T02:49:47+00:00","description":"Oferuj\u0119 psychoterapi\u0119 online po polsku i angielsku dla Polonii w Kanadzie i klient\u00f3w na ca\u0142ym \u015bwiecie. Sesje indywidualne, dla par i rodzin \u2014 bezpieczna, uwa\u017cna przestrze\u0144 do zmiany.","breadcrumb":{"@id":"https:\/\/findyourlight.today\/#breadcrumb"},"inLanguage":"en-CA","potentialAction":[{"@type":"ReadAction","target":["https:\/\/findyourlight.today\/"]}]},{"@type":"BreadcrumbList","@id":"https:\/\/findyourlight.today\/#breadcrumb","itemListElement":[{"@type":"ListItem","position":1,"name":"Strona g\u0142\u00f3wna","item":"https:\/\/findyourlight.today\/"},{"@type":"ListItem","position":2,"name":"Polski psychoterapeuta online w Vancouver"}]},{"@type":"WebSite","@id":"https:\/\/findyourlight.today\/#website","url":"https:\/\/findyourlight.today\/","name":"findyourlight.today","description":"","publisher":{"@id":"https:\/\/findyourlight.today\/#\/schema\/person\/4703af6bb7dd350ac3669c4d792a2a98"},"potentialAction":[{"@type":"SearchAction","target":{"@type":"EntryPoint","urlTemplate":"https:\/\/findyourlight.today\/?s={search_term_string}"},"query-input":{"@type":"PropertyValueSpecification","valueRequired":true,"valueName":"search_term_string"}}],"inLanguage":"en-CA"},{"@type":["Person","Organization"],"@id":"https:\/\/findyourlight.today\/#\/schema\/person\/4703af6bb7dd350ac3669c4d792a2a98","name":"Justyna Wawszkow","image":{"@type":"ImageObject","inLanguage":"en-CA","@id":"https:\/\/findyourlight.today\/#\/schema\/person\/image\/","url":"https:\/\/findyourlight.today\/wp-content\/uploads\/2025\/05\/logo-waskie.png","contentUrl":"https:\/\/findyourlight.today\/wp-content\/uploads\/2025\/05\/logo-waskie.png","width":500,"height":274,"caption":"Justyna Wawszkow"},"logo":{"@id":"https:\/\/findyourlight.today\/#\/schema\/person\/image\/"}}]}},"_links":{"self":[{"href":"https:\/\/findyourlight.today\/en\/wp-json\/wp\/v2\/pages\/27","targetHints":{"allow":["GET"]}}],"collection":[{"href":"https:\/\/findyourlight.today\/en\/wp-json\/wp\/v2\/pages"}],"about":[{"href":"https:\/\/findyourlight.today\/en\/wp-json\/wp\/v2\/types\/page"}],"author":[{"embeddable":true,"href":"https:\/\/findyourlight.today\/en\/wp-json\/wp\/v2\/users\/1"}],"replies":[{"embeddable":true,"href":"https:\/\/findyourlight.today\/en\/wp-json\/wp\/v2\/comments?post=27"}],"version-history":[{"count":102,"href":"https:\/\/findyourlight.today\/en\/wp-json\/wp\/v2\/pages\/27\/revisions"}],"predecessor-version":[{"id":641,"href":"https:\/\/findyourlight.today\/en\/wp-json\/wp\/v2\/pages\/27\/revisions\/641"}],"wp:attachment":[{"href":"https:\/\/findyourlight.today\/en\/wp-json\/wp\/v2\/media?parent=27"}],"curies":[{"name":"wp","href":"https:\/\/api.w.org\/{rel}","templated":true}]}}