{"id":106,"date":"2025-04-17T17:55:03","date_gmt":"2025-04-17T17:55:03","guid":{"rendered":"https:\/\/findyourlight.today\/oferta\/"},"modified":"2025-11-10T06:31:50","modified_gmt":"2025-11-10T06:31:50","slug":"oferta","status":"publish","type":"page","link":"https:\/\/findyourlight.today\/en\/oferta\/","title":{"rendered":"Moja oferta &#8211; psychoterapia online indywidualna, par i rodzin"},"content":{"rendered":"","protected":false},"excerpt":{"rendered":"","protected":false},"author":1,"featured_media":156,"parent":0,"menu_order":0,"comment_status":"closed","ping_status":"closed","template":"","meta":{"saved_in_kubio":true,"footnotes":""},"class_list":["post-106","page","type-page","status-publish","has-post-thumbnail","hentry"],"kubio_ai_page_context":{"short_desc":"","purpose":"general"},"yoast_head":"<!-- This site is optimized with the Yoast SEO plugin v26.6 - https:\/\/yoast.com\/wordpress\/plugins\/seo\/ -->\n<title>Moja oferta - psychoterapia online indywidualna, par i rodzin<\/title>\n<meta name=\"description\" content=\"Oferuj\u0119 psychoterapi\u0119 online dla os\u00f3b indywidualnych, par i rodzin w j\u0119zyku polskim i angielskim. Terapia dost\u0119pna w Kanadzie i dla Polonii na ca\u0142ym \u015bwiecie.\" \/>\n<meta name=\"robots\" content=\"index, follow, max-snippet:-1, max-image-preview:large, max-video-preview:-1\" \/>\n<link rel=\"canonical\" href=\"https:\/\/findyourlight.today\/en\/oferta\/\" \/>\n<meta property=\"og:locale\" content=\"en_US\" \/>\n<meta property=\"og:type\" content=\"article\" \/>\n<meta property=\"og:title\" content=\"Moja oferta - psychoterapia online indywidualna, par i rodzin\" \/>\n<meta property=\"og:description\" content=\"Oferuj\u0119 psychoterapi\u0119 online dla os\u00f3b indywidualnych, par i rodzin w j\u0119zyku polskim i angielskim. Terapia dost\u0119pna w Kanadzie i dla Polonii na ca\u0142ym \u015bwiecie.\" \/>\n<meta property=\"og:url\" content=\"https:\/\/findyourlight.today\/en\/oferta\/\" \/>\n<meta property=\"og:site_name\" content=\"findyourlight.today\" \/>\n<meta property=\"article:modified_time\" content=\"2025-11-10T06:31:50+00:00\" \/>\n<meta property=\"og:image\" content=\"https:\/\/findyourlight.today\/wp-content\/uploads\/2025\/04\/forest-1024x546.png\" \/>\n\t<meta property=\"og:image:width\" content=\"1024\" \/>\n\t<meta property=\"og:image:height\" content=\"546\" \/>\n\t<meta property=\"og:image:type\" content=\"image\/png\" \/>\n<meta name=\"twitter:card\" content=\"summary_large_image\" \/>\n<meta name=\"twitter:label1\" content=\"Est. reading time\" \/>\n\t<meta name=\"twitter:data1\" content=\"1 minute\" \/>\n<!-- \/ Yoast SEO plugin. -->","yoast_head_json":{"title":"Moja oferta - psychoterapia online indywidualna, par i rodzin","description":"Oferuj\u0119 psychoterapi\u0119 online dla os\u00f3b indywidualnych, par i rodzin w j\u0119zyku polskim i angielskim. Terapia dost\u0119pna w Kanadzie i dla Polonii na ca\u0142ym \u015bwiecie.","robots":{"index":"index","follow":"follow","max-snippet":"max-snippet:-1","max-image-preview":"max-image-preview:large","max-video-preview":"max-video-preview:-1"},"canonical":"https:\/\/findyourlight.today\/en\/oferta\/","og_locale":"en_US","og_type":"article","og_title":"Moja oferta - psychoterapia online indywidualna, par i rodzin","og_description":"Oferuj\u0119 psychoterapi\u0119 online dla os\u00f3b indywidualnych, par i rodzin w j\u0119zyku polskim i angielskim. Terapia dost\u0119pna w Kanadzie i dla Polonii na ca\u0142ym \u015bwiecie.","og_url":"https:\/\/findyourlight.today\/en\/oferta\/","og_site_name":"findyourlight.today","article_modified_time":"2025-11-10T06:31:50+00:00","og_image":[{"width":1024,"height":546,"url":"https:\/\/findyourlight.today\/wp-content\/uploads\/2025\/04\/forest-1024x546.png","type":"image\/png"}],"twitter_card":"summary_large_image","twitter_misc":{"Est. reading time":"1 minute"},"schema":{"@context":"https:\/\/schema.org","@graph":[{"@type":"WebPage","@id":"https:\/\/findyourlight.today\/oferta\/","url":"https:\/\/findyourlight.today\/oferta\/","name":"Moja oferta - psychoterapia online indywidualna, par i rodzin","isPartOf":{"@id":"https:\/\/findyourlight.today\/#website"},"primaryImageOfPage":{"@id":"https:\/\/findyourlight.today\/oferta\/#primaryimage"},"image":{"@id":"https:\/\/findyourlight.today\/oferta\/#primaryimage"},"thumbnailUrl":"https:\/\/findyourlight.today\/wp-content\/uploads\/2025\/04\/forest.png","datePublished":"2025-04-17T17:55:03+00:00","dateModified":"2025-11-10T06:31:50+00:00","description":"Oferuj\u0119 psychoterapi\u0119 online dla os\u00f3b indywidualnych, par i rodzin w j\u0119zyku polskim i angielskim. Terapia dost\u0119pna w Kanadzie i dla Polonii na ca\u0142ym \u015bwiecie.","breadcrumb":{"@id":"https:\/\/findyourlight.today\/oferta\/#breadcrumb"},"inLanguage":"en-CA","potentialAction":[{"@type":"ReadAction","target":["https:\/\/findyourlight.today\/oferta\/"]}]},{"@type":"ImageObject","inLanguage":"en-CA","@id":"https:\/\/findyourlight.today\/oferta\/#primaryimage","url":"https:\/\/findyourlight.today\/wp-content\/uploads\/2025\/04\/forest.png","contentUrl":"https:\/\/findyourlight.today\/wp-content\/uploads\/2025\/04\/forest.png","width":1709,"height":911,"caption":"psychoterapia online po polsku \u2013 natura i r\u00f3wnowaga \/ Virtual Counselling - nature and balance"},{"@type":"BreadcrumbList","@id":"https:\/\/findyourlight.today\/oferta\/#breadcrumb","itemListElement":[{"@type":"ListItem","position":1,"name":"Strona g\u0142\u00f3wna","item":"https:\/\/findyourlight.today\/"},{"@type":"ListItem","position":2,"name":"Moja oferta &#8211; psychoterapia online indywidualna, par i rodzin"}]},{"@type":"WebSite","@id":"https:\/\/findyourlight.today\/#website","url":"https:\/\/findyourlight.today\/","name":"findyourlight.today","description":"","publisher":{"@id":"https:\/\/findyourlight.today\/#\/schema\/person\/4703af6bb7dd350ac3669c4d792a2a98"},"potentialAction":[{"@type":"SearchAction","target":{"@type":"EntryPoint","urlTemplate":"https:\/\/findyourlight.today\/?s={search_term_string}"},"query-input":{"@type":"PropertyValueSpecification","valueRequired":true,"valueName":"search_term_string"}}],"inLanguage":"en-CA"},{"@type":["Person","Organization"],"@id":"https:\/\/findyourlight.today\/#\/schema\/person\/4703af6bb7dd350ac3669c4d792a2a98","name":"Justyna Wawszkow","image":{"@type":"ImageObject","inLanguage":"en-CA","@id":"https:\/\/findyourlight.today\/#\/schema\/person\/image\/","url":"https:\/\/findyourlight.today\/wp-content\/uploads\/2025\/05\/logo-waskie.png","contentUrl":"https:\/\/findyourlight.today\/wp-content\/uploads\/2025\/05\/logo-waskie.png","width":500,"height":274,"caption":"Justyna Wawszkow"},"logo":{"@id":"https:\/\/findyourlight.today\/#\/schema\/person\/image\/"}}]}},"_links":{"self":[{"href":"https:\/\/findyourlight.today\/en\/wp-json\/wp\/v2\/pages\/106","targetHints":{"allow":["GET"]}}],"collection":[{"href":"https:\/\/findyourlight.today\/en\/wp-json\/wp\/v2\/pages"}],"about":[{"href":"https:\/\/findyourlight.today\/en\/wp-json\/wp\/v2\/types\/page"}],"author":[{"embeddable":true,"href":"https:\/\/findyourlight.today\/en\/wp-json\/wp\/v2\/users\/1"}],"replies":[{"embeddable":true,"href":"https:\/\/findyourlight.today\/en\/wp-json\/wp\/v2\/comments?post=106"}],"version-history":[{"count":36,"href":"https:\/\/findyourlight.today\/en\/wp-json\/wp\/v2\/pages\/106\/revisions"}],"predecessor-version":[{"id":620,"href":"https:\/\/findyourlight.today\/en\/wp-json\/wp\/v2\/pages\/106\/revisions\/620"}],"wp:featuredmedia":[{"embeddable":true,"href":"https:\/\/findyourlight.today\/en\/wp-json\/wp\/v2\/media\/156"}],"wp:attachment":[{"href":"https:\/\/findyourlight.today\/en\/wp-json\/wp\/v2\/media?parent=106"}],"curies":[{"name":"wp","href":"https:\/\/api.w.org\/{rel}","templated":true}]}}